{"id":7974,"date":"2023-03-07T03:43:16","date_gmt":"2023-03-07T02:43:16","guid":{"rendered":"https:\/\/campingelcarespicosdeeuropa.com\/contact\/"},"modified":"2024-03-02T19:02:11","modified_gmt":"2024-03-02T18:02:11","slug":"contact","status":"publish","type":"page","link":"https:\/\/campingelcarespicosdeeuropa.com\/fr\/contact\/","title":{"rendered":"Contact"},"content":{"rendered":"","protected":false},"excerpt":{"rendered":"","protected":false},"author":1,"featured_media":0,"parent":0,"menu_order":0,"comment_status":"closed","ping_status":"closed","template":"","meta":{"footnotes":""},"class_list":["post-7974","page","type-page","status-publish","hentry"],"yoast_head":"<!-- This site is optimized with the Yoast SEO plugin v26.5 - https:\/\/yoast.com\/wordpress\/plugins\/seo\/ -->\n<title>Contact - Camping El Cares<\/title>\n<meta name=\"description\" content=\"Informations, t\u00e9l\u00e9phone, adresse et formulaire de contact du Camping El Cares Picos de Europa pour les r\u00e9servations et les demandes de renseignements.\" \/>\n<meta name=\"robots\" content=\"index, follow, max-snippet:-1, max-image-preview:large, max-video-preview:-1\" \/>\n<link rel=\"canonical\" href=\"https:\/\/campingelcarespicosdeeuropa.com\/fr\/contact\/\" \/>\n<meta property=\"og:locale\" content=\"fr_FR\" \/>\n<meta property=\"og:type\" content=\"article\" \/>\n<meta property=\"og:title\" content=\"Contact - Camping El Cares\" \/>\n<meta property=\"og:description\" content=\"Informations, t\u00e9l\u00e9phone, adresse et formulaire de contact du Camping El Cares Picos de Europa pour les r\u00e9servations et les demandes de renseignements.\" \/>\n<meta property=\"og:url\" content=\"https:\/\/campingelcarespicosdeeuropa.com\/fr\/contact\/\" \/>\n<meta property=\"og:site_name\" content=\"Camping El Cares\" \/>\n<meta property=\"article:modified_time\" content=\"2024-03-02T18:02:11+00:00\" \/>\n<meta name=\"twitter:card\" content=\"summary_large_image\" \/>\n<script type=\"application\/ld+json\" class=\"yoast-schema-graph\">{\"@context\":\"https:\/\/schema.org\",\"@graph\":[{\"@type\":\"WebPage\",\"@id\":\"https:\/\/campingelcarespicosdeeuropa.com\/fr\/contact\/\",\"url\":\"https:\/\/campingelcarespicosdeeuropa.com\/fr\/contact\/\",\"name\":\"Contact - Camping El Cares\",\"isPartOf\":{\"@id\":\"https:\/\/campingelcarespicosdeeuropa.com\/fr\/#website\"},\"datePublished\":\"2023-03-07T02:43:16+00:00\",\"dateModified\":\"2024-03-02T18:02:11+00:00\",\"description\":\"Informations, t\u00e9l\u00e9phone, adresse et formulaire de contact du Camping El Cares Picos de Europa pour les r\u00e9servations et les demandes de renseignements.\",\"inLanguage\":\"fr-FR\",\"potentialAction\":[{\"@type\":\"ReadAction\",\"target\":[\"https:\/\/campingelcarespicosdeeuropa.com\/fr\/contact\/\"]}]},{\"@type\":\"WebSite\",\"@id\":\"https:\/\/campingelcarespicosdeeuropa.com\/fr\/#website\",\"url\":\"https:\/\/campingelcarespicosdeeuropa.com\/fr\/\",\"name\":\"Camping El Cares\",\"description\":\"Picos de Europa\",\"publisher\":{\"@id\":\"https:\/\/campingelcarespicosdeeuropa.com\/fr\/#organization\"},\"potentialAction\":[{\"@type\":\"SearchAction\",\"target\":{\"@type\":\"EntryPoint\",\"urlTemplate\":\"https:\/\/campingelcarespicosdeeuropa.com\/fr\/?s={search_term_string}\"},\"query-input\":{\"@type\":\"PropertyValueSpecification\",\"valueRequired\":true,\"valueName\":\"search_term_string\"}}],\"inLanguage\":\"fr-FR\"},{\"@type\":\"Organization\",\"@id\":\"https:\/\/campingelcarespicosdeeuropa.com\/fr\/#organization\",\"name\":\"Camping El Cares\",\"url\":\"https:\/\/campingelcarespicosdeeuropa.com\/fr\/\",\"logo\":{\"@type\":\"ImageObject\",\"inLanguage\":\"fr-FR\",\"@id\":\"https:\/\/campingelcarespicosdeeuropa.com\/fr\/#\/schema\/logo\/image\/\",\"url\":\"https:\/\/campingelcarespicosdeeuropa.com\/wp-content\/uploads\/2024\/05\/logo-camping-4-1.png\",\"contentUrl\":\"https:\/\/campingelcarespicosdeeuropa.com\/wp-content\/uploads\/2024\/05\/logo-camping-4-1.png\",\"width\":762,\"height\":668,\"caption\":\"Camping El Cares\"},\"image\":{\"@id\":\"https:\/\/campingelcarespicosdeeuropa.com\/fr\/#\/schema\/logo\/image\/\"}}]}<\/script>\n<!-- \/ Yoast SEO plugin. -->","yoast_head_json":{"title":"Contact - Camping El Cares","description":"Informations, t\u00e9l\u00e9phone, adresse et formulaire de contact du Camping El Cares Picos de Europa pour les r\u00e9servations et les demandes de renseignements.","robots":{"index":"index","follow":"follow","max-snippet":"max-snippet:-1","max-image-preview":"max-image-preview:large","max-video-preview":"max-video-preview:-1"},"canonical":"https:\/\/campingelcarespicosdeeuropa.com\/fr\/contact\/","og_locale":"fr_FR","og_type":"article","og_title":"Contact - Camping El Cares","og_description":"Informations, t\u00e9l\u00e9phone, adresse et formulaire de contact du Camping El Cares Picos de Europa pour les r\u00e9servations et les demandes de renseignements.","og_url":"https:\/\/campingelcarespicosdeeuropa.com\/fr\/contact\/","og_site_name":"Camping El Cares","article_modified_time":"2024-03-02T18:02:11+00:00","twitter_card":"summary_large_image","schema":{"@context":"https:\/\/schema.org","@graph":[{"@type":"WebPage","@id":"https:\/\/campingelcarespicosdeeuropa.com\/fr\/contact\/","url":"https:\/\/campingelcarespicosdeeuropa.com\/fr\/contact\/","name":"Contact - Camping El Cares","isPartOf":{"@id":"https:\/\/campingelcarespicosdeeuropa.com\/fr\/#website"},"datePublished":"2023-03-07T02:43:16+00:00","dateModified":"2024-03-02T18:02:11+00:00","description":"Informations, t\u00e9l\u00e9phone, adresse et formulaire de contact du Camping El Cares Picos de Europa pour les r\u00e9servations et les demandes de renseignements.","inLanguage":"fr-FR","potentialAction":[{"@type":"ReadAction","target":["https:\/\/campingelcarespicosdeeuropa.com\/fr\/contact\/"]}]},{"@type":"WebSite","@id":"https:\/\/campingelcarespicosdeeuropa.com\/fr\/#website","url":"https:\/\/campingelcarespicosdeeuropa.com\/fr\/","name":"Camping El Cares","description":"Picos de Europa","publisher":{"@id":"https:\/\/campingelcarespicosdeeuropa.com\/fr\/#organization"},"potentialAction":[{"@type":"SearchAction","target":{"@type":"EntryPoint","urlTemplate":"https:\/\/campingelcarespicosdeeuropa.com\/fr\/?s={search_term_string}"},"query-input":{"@type":"PropertyValueSpecification","valueRequired":true,"valueName":"search_term_string"}}],"inLanguage":"fr-FR"},{"@type":"Organization","@id":"https:\/\/campingelcarespicosdeeuropa.com\/fr\/#organization","name":"Camping El Cares","url":"https:\/\/campingelcarespicosdeeuropa.com\/fr\/","logo":{"@type":"ImageObject","inLanguage":"fr-FR","@id":"https:\/\/campingelcarespicosdeeuropa.com\/fr\/#\/schema\/logo\/image\/","url":"https:\/\/campingelcarespicosdeeuropa.com\/wp-content\/uploads\/2024\/05\/logo-camping-4-1.png","contentUrl":"https:\/\/campingelcarespicosdeeuropa.com\/wp-content\/uploads\/2024\/05\/logo-camping-4-1.png","width":762,"height":668,"caption":"Camping El Cares"},"image":{"@id":"https:\/\/campingelcarespicosdeeuropa.com\/fr\/#\/schema\/logo\/image\/"}}]}},"_links":{"self":[{"href":"https:\/\/campingelcarespicosdeeuropa.com\/fr\/wp-json\/wp\/v2\/pages\/7974","targetHints":{"allow":["GET"]}}],"collection":[{"href":"https:\/\/campingelcarespicosdeeuropa.com\/fr\/wp-json\/wp\/v2\/pages"}],"about":[{"href":"https:\/\/campingelcarespicosdeeuropa.com\/fr\/wp-json\/wp\/v2\/types\/page"}],"author":[{"embeddable":true,"href":"https:\/\/campingelcarespicosdeeuropa.com\/fr\/wp-json\/wp\/v2\/users\/1"}],"replies":[{"embeddable":true,"href":"https:\/\/campingelcarespicosdeeuropa.com\/fr\/wp-json\/wp\/v2\/comments?post=7974"}],"version-history":[{"count":1,"href":"https:\/\/campingelcarespicosdeeuropa.com\/fr\/wp-json\/wp\/v2\/pages\/7974\/revisions"}],"predecessor-version":[{"id":8584,"href":"https:\/\/campingelcarespicosdeeuropa.com\/fr\/wp-json\/wp\/v2\/pages\/7974\/revisions\/8584"}],"wp:attachment":[{"href":"https:\/\/campingelcarespicosdeeuropa.com\/fr\/wp-json\/wp\/v2\/media?parent=7974"}],"curies":[{"name":"wp","href":"https:\/\/api.w.org\/{rel}","templated":true}]}}